{"id":2870,"date":"2026-03-30T09:06:27","date_gmt":"2026-03-30T09:06:27","guid":{"rendered":"https:\/\/omnitrust.lu\/?page_id=2870"},"modified":"2026-04-14T15:30:09","modified_gmt":"2026-04-14T13:30:09","slug":"our-offices","status":"publish","type":"page","link":"https:\/\/www.omnitrust.lu\/en\/carriere\/nos-bureaux\/","title":{"rendered":"Career &#8211; Nos bureaux"},"content":{"rendered":"<div data-elementor-type=\"wp-page\" data-elementor-id=\"2870\" class=\"elementor elementor-2870\" data-elementor-post-type=\"page\">\n\t\t\t\t<div class=\"elementor-element elementor-element-6bc9029 e-flex e-con-boxed e-con e-parent\" data-id=\"6bc9029\" data-element_type=\"container\" data-e-type=\"container\">\n\t\t\t\t\t<div class=\"e-con-inner\">\n\t\t<div class=\"elementor-element elementor-element-b0140b9 e-con-full e-flex e-con e-child\" data-id=\"b0140b9\" data-element_type=\"container\" data-e-type=\"container\">\n\t\t\t\t<div class=\"elementor-element elementor-element-e149f4f elementor-widget elementor-widget-heading\" data-id=\"e149f4f\" data-element_type=\"widget\" data-e-type=\"widget\" data-widget_type=\"heading.default\">\n\t\t\t\t\t<h1 class=\"elementor-heading-title elementor-size-default\">Our Places<\/h1>\t\t\t\t<\/div>\n\t\t\t\t<div class=\"elementor-element elementor-element-c11371c elementor-widget elementor-widget-text-editor\" data-id=\"c11371c\" data-element_type=\"widget\" data-e-type=\"widget\" data-widget_type=\"text-editor.default\">\n\t\t\t\t\t\t\t\t\t<p class=\"translation-block\">At <strong>OmniTrust<\/strong>, we believe our work environment is the reflection of our standards and culture. More than just an address, our office spaces are a place of collaboration and creativity.<\/p><p class=\"translation-block\">With two places, one at the heart of Luxembourg-City, the other in Bivange,more accessible for cross-border workers, our offices have been designed to provide our teams with a stimulating environment that fosters collaboration.<\/p>\t\t\t\t\t\t\t\t<\/div>\n\t\t\t\t<div class=\"elementor-element elementor-element-41c49b0 elementor-widget elementor-widget-text-editor\" data-id=\"41c49b0\" data-element_type=\"widget\" data-e-type=\"widget\" data-widget_type=\"text-editor.default\">\n\t\t\t\t\t\t\t\t\t<p>In Bivange, as in Luxembourg, our offices are easily accessible by public transportation and offer free parking.<\/p>\t\t\t\t\t\t\t\t<\/div>\n\t\t\t\t<\/div>\n\t\t\t\t<div class=\"elementor-element elementor-element-0cea6a9 elementor-widget elementor-widget-image\" data-id=\"0cea6a9\" data-element_type=\"widget\" data-e-type=\"widget\" data-widget_type=\"image.default\">\n\t\t\t\t\t\t\t\t\t\t\t\t\t\t\t<img fetchpriority=\"high\" decoding=\"async\" width=\"800\" height=\"534\" src=\"https:\/\/www.omnitrust.lu\/wp-content\/uploads\/2026\/03\/IMGL7285-copie-1024x683.jpg\" class=\"attachment-large size-large wp-image-2922\" alt=\"Nos bureaux - OmniTrust\" srcset=\"https:\/\/www.omnitrust.lu\/wp-content\/uploads\/2026\/03\/IMGL7285-copie-1024x683.jpg 1024w, https:\/\/www.omnitrust.lu\/wp-content\/uploads\/2026\/03\/IMGL7285-copie-300x200.jpg 300w, https:\/\/www.omnitrust.lu\/wp-content\/uploads\/2026\/03\/IMGL7285-copie-768x512.jpg 768w, https:\/\/www.omnitrust.lu\/wp-content\/uploads\/2026\/03\/IMGL7285-copie-18x12.jpg 18w, https:\/\/www.omnitrust.lu\/wp-content\/uploads\/2026\/03\/IMGL7285-copie.jpg 1500w\" sizes=\"(max-width: 800px) 100vw, 800px\" \/>\t\t\t\t\t\t\t\t\t\t\t\t\t\t\t<\/div>\n\t\t\t\t\t<\/div>\n\t\t\t\t<\/div>\n\t\t<div class=\"elementor-element elementor-element-74bd860 e-flex e-con-boxed e-con e-parent\" data-id=\"74bd860\" data-element_type=\"container\" data-e-type=\"container\" data-settings=\"{&quot;background_background&quot;:&quot;classic&quot;}\">\n\t\t\t\t\t<div class=\"e-con-inner\">\n\t\t\t\t<div class=\"elementor-element elementor-element-9cac22b elementor-widget elementor-widget-heading\" data-id=\"9cac22b\" data-element_type=\"widget\" data-e-type=\"widget\" data-widget_type=\"heading.default\">\n\t\t\t\t\t<h2 class=\"elementor-heading-title elementor-size-default\">Our office ouf Luxembourg City<\/h2>\t\t\t\t<\/div>\n\t\t<div class=\"elementor-element elementor-element-d487d29 e-con-full e-flex e-con e-child\" data-id=\"d487d29\" data-element_type=\"container\" data-e-type=\"container\">\n\t\t\t\t<div class=\"elementor-element elementor-element-1257e3d elementor-widget elementor-widget-google_maps\" data-id=\"1257e3d\" data-element_type=\"widget\" data-e-type=\"widget\" data-widget_type=\"google_maps.default\">\n\t\t\t\t\t\t\t<div class=\"elementor-custom-embed\">\n\t\t\t<iframe\n\t\t\t\t\tdata-src=\"https:\/\/maps.google.com\/maps?q=23%20rue%20Jean%20JAURES%2C%20L-1836%20LUXEMBOURG&#038;t=m&#038;z=13&#038;output=embed&#038;iwloc=near\"\n\t\t\t\t\ttitle=\"23 Jean JAURES Street, L-1836 LUXEMBOURG\"\n\t\t\t\t\taria-label=\"23 Jean JAURES Street, L-1836 LUXEMBOURG\"\n\t\t\t src=\"data:image\/svg+xml;base64,PHN2ZyB3aWR0aD0iMSIgaGVpZ2h0PSIxIiB4bWxucz0iaHR0cDovL3d3dy53My5vcmcvMjAwMC9zdmciPjwvc3ZnPg==\" class=\"lazyload\" data-load-mode=\"1\"><\/iframe>\n\t\t<\/div>\n\t\t\t\t\t\t<\/div>\n\t\t<div class=\"elementor-element elementor-element-a7571b7 e-con-full e-flex e-con e-child\" data-id=\"a7571b7\" data-element_type=\"container\" data-e-type=\"container\">\n\t\t\t\t<div class=\"elementor-element elementor-element-31aee99 elementor-view-default elementor-widget elementor-widget-icon\" data-id=\"31aee99\" data-element_type=\"widget\" data-e-type=\"widget\" data-widget_type=\"icon.default\">\n\t\t\t\t\t\t\t<div class=\"elementor-icon-wrapper\">\n\t\t\t<div class=\"elementor-icon\">\n\t\t\t<svg aria-hidden=\"true\" class=\"e-font-icon-svg e-fas-map-marker-alt\" viewbox=\"0 0 384 512\" xmlns=\"http:\/\/www.w3.org\/2000\/svg\"><path d=\"M172.268 501.67C26.97 291.031 0 269.413 0 192 0 85.961 85.961 0 192 0s192 85.961 192 192c0 77.413-26.97 99.031-172.268 309.67-9.535 13.774-29.93 13.773-39.464 0zM192 272c44.183 0 80-35.817 80-80s-35.817-80-80-80-80 35.817-80 80 35.817 80 80 80z\"><\/path><\/svg>\t\t\t<\/div>\n\t\t<\/div>\n\t\t\t\t\t\t<\/div>\n\t\t\t\t<div class=\"elementor-element elementor-element-cdd6d8f elementor-widget elementor-widget-text-editor\" data-id=\"cdd6d8f\" data-element_type=\"widget\" data-e-type=\"widget\" data-widget_type=\"text-editor.default\">\n\t\t\t\t\t\t\t\t\t<p>23 Jean JAURES Street, L-1836 LUXEMBOURG<\/p>\t\t\t\t\t\t\t\t<\/div>\n\t\t\t\t<\/div>\n\t\t\t\t<\/div>\n\t\t\t\t\t<\/div>\n\t\t\t\t<\/div>\n\t\t<div class=\"elementor-element elementor-element-ce04384 e-flex e-con-boxed e-con e-parent\" data-id=\"ce04384\" data-element_type=\"container\" data-e-type=\"container\" data-settings=\"{&quot;background_background&quot;:&quot;classic&quot;}\">\n\t\t\t\t\t<div class=\"e-con-inner\">\n\t\t\t\t<div class=\"elementor-element elementor-element-df7f233 elementor-widget elementor-widget-heading\" data-id=\"df7f233\" data-element_type=\"widget\" data-e-type=\"widget\" data-widget_type=\"heading.default\">\n\t\t\t\t\t<h2 class=\"elementor-heading-title elementor-size-default\">Our office of Bivange<\/h2>\t\t\t\t<\/div>\n\t\t\t\t<div class=\"elementor-element elementor-element-9289e8f elementor-widget elementor-widget-text-editor\" data-id=\"9289e8f\" data-element_type=\"widget\" data-e-type=\"widget\" data-widget_type=\"text-editor.default\">\n\t\t\t\t\t\t\t\t\t<p>In Bivange, as in Luxembourg, our offices are easily accessible by public transportation and offer free parking.<\/p>\t\t\t\t\t\t\t\t<\/div>\n\t\t<div class=\"elementor-element elementor-element-c2e81fa e-con-full e-flex e-con e-child\" data-id=\"c2e81fa\" data-element_type=\"container\" data-e-type=\"container\">\n\t\t\t\t<div class=\"elementor-element elementor-element-ab71f81 elementor-widget elementor-widget-google_maps\" data-id=\"ab71f81\" data-element_type=\"widget\" data-e-type=\"widget\" data-widget_type=\"google_maps.default\">\n\t\t\t\t\t\t\t<div class=\"elementor-custom-embed\">\n\t\t\t<iframe\n\t\t\t\t\tdata-src=\"https:\/\/maps.google.com\/maps?q=8%20rue%20Johnny%20Geisen%2C%20L-3322%20BIVANGE&#038;t=m&#038;z=13&#038;output=embed&#038;iwloc=near\"\n\t\t\t\t\ttitle=\"8 Johnny Geisen Street, L-3322 BIVANGE\"\n\t\t\t\t\taria-label=\"8 Johnny Geisen Street, L-3322 BIVANGE\"\n\t\t\t src=\"data:image\/svg+xml;base64,PHN2ZyB3aWR0aD0iMSIgaGVpZ2h0PSIxIiB4bWxucz0iaHR0cDovL3d3dy53My5vcmcvMjAwMC9zdmciPjwvc3ZnPg==\" class=\"lazyload\" data-load-mode=\"1\"><\/iframe>\n\t\t<\/div>\n\t\t\t\t\t\t<\/div>\n\t\t<div class=\"elementor-element elementor-element-5957813 e-con-full e-flex e-con e-child\" data-id=\"5957813\" data-element_type=\"container\" data-e-type=\"container\">\n\t\t<div class=\"elementor-element elementor-element-92dfb7c e-con-full e-flex e-con e-child\" data-id=\"92dfb7c\" data-element_type=\"container\" data-e-type=\"container\">\n\t\t\t\t<div class=\"elementor-element elementor-element-8f39293 elementor-view-default elementor-widget elementor-widget-icon\" data-id=\"8f39293\" data-element_type=\"widget\" data-e-type=\"widget\" data-widget_type=\"icon.default\">\n\t\t\t\t\t\t\t<div class=\"elementor-icon-wrapper\">\n\t\t\t<div class=\"elementor-icon\">\n\t\t\t<svg aria-hidden=\"true\" class=\"e-font-icon-svg e-fas-map-marker-alt\" viewbox=\"0 0 384 512\" xmlns=\"http:\/\/www.w3.org\/2000\/svg\"><path d=\"M172.268 501.67C26.97 291.031 0 269.413 0 192 0 85.961 85.961 0 192 0s192 85.961 192 192c0 77.413-26.97 99.031-172.268 309.67-9.535 13.774-29.93 13.773-39.464 0zM192 272c44.183 0 80-35.817 80-80s-35.817-80-80-80-80 35.817-80 80 35.817 80 80 80z\"><\/path><\/svg>\t\t\t<\/div>\n\t\t<\/div>\n\t\t\t\t\t\t<\/div>\n\t\t\t\t<div class=\"elementor-element elementor-element-b635075 elementor-widget elementor-widget-text-editor\" data-id=\"b635075\" data-element_type=\"widget\" data-e-type=\"widget\" data-widget_type=\"text-editor.default\">\n\t\t\t\t\t\t\t\t\t<p>8 Johnny Geisen Street, L-3322 BIVANGE<\/p>\t\t\t\t\t\t\t\t<\/div>\n\t\t\t\t<\/div>\n\t\t<div class=\"elementor-element elementor-element-df02e56 e-con-full e-flex e-con e-child\" data-id=\"df02e56\" data-element_type=\"container\" data-e-type=\"container\">\n\t\t\t\t<div class=\"elementor-element elementor-element-2dead7f elementor-view-default elementor-widget elementor-widget-icon\" data-id=\"2dead7f\" data-element_type=\"widget\" data-e-type=\"widget\" data-widget_type=\"icon.default\">\n\t\t\t\t\t\t\t<div class=\"elementor-icon-wrapper\">\n\t\t\t<div class=\"elementor-icon\">\n\t\t\t<svg aria-hidden=\"true\" class=\"e-font-icon-svg e-fas-train\" viewbox=\"0 0 448 512\" xmlns=\"http:\/\/www.w3.org\/2000\/svg\"><path d=\"M448 96v256c0 51.815-61.624 96-130.022 96l62.98 49.721C386.905 502.417 383.562 512 376 512H72c-7.578 0-10.892-9.594-4.957-14.279L130.022 448C61.82 448 0 403.954 0 352V96C0 42.981 64 0 128 0h192c65 0 128 42.981 128 96zm-48 136V120c0-13.255-10.745-24-24-24H72c-13.255 0-24 10.745-24 24v112c0 13.255 10.745 24 24 24h304c13.255 0 24-10.745 24-24zm-176 64c-30.928 0-56 25.072-56 56s25.072 56 56 56 56-25.072 56-56-25.072-56-56-56z\"><\/path><\/svg>\t\t\t<\/div>\n\t\t<\/div>\n\t\t\t\t\t\t<\/div>\n\t\t\t\t<div class=\"elementor-element elementor-element-ff004c6 elementor-widget elementor-widget-text-editor\" data-id=\"ff004c6\" data-element_type=\"widget\" data-e-type=\"widget\" data-widget_type=\"text-editor.default\">\n\t\t\t\t\t\t\t\t\t<p>Berchem<\/p>\t\t\t\t\t\t\t\t<\/div>\n\t\t\t\t<\/div>\n\t\t\t\t<\/div>\n\t\t\t\t<\/div>\n\t\t\t\t\t<\/div>\n\t\t\t\t<\/div>\n\t\t\t\t<\/div>","protected":false},"excerpt":{"rendered":"<p>Nos bureaux Chez OmniTrust, nous croyons que l&rsquo;environnement de travail est le reflet de notre exigence et de notre culture. Plus qu&rsquo;une simple adresse, nos bureaux sont un lieu d&rsquo;\u00e9change, de cr\u00e9ativit\u00e9 et de collaboration. Avec deux adresses, l&rsquo;une au c\u0153ur de Luxembourg, l&rsquo;autre \u00e0 Bivange, plus facile d&rsquo;acc\u00e8s pour les frontaliers, nos locaux ont [&hellip;]<\/p>\n","protected":false},"author":3,"featured_media":0,"parent":2541,"menu_order":0,"comment_status":"closed","ping_status":"closed","template":"","meta":{"_acf_changed":false,"footnotes":""},"class_list":["post-2870","page","type-page","status-publish","hentry"],"acf":[],"_links":{"self":[{"href":"https:\/\/www.omnitrust.lu\/en\/wp-json\/wp\/v2\/pages\/2870","targetHints":{"allow":["GET"]}}],"collection":[{"href":"https:\/\/www.omnitrust.lu\/en\/wp-json\/wp\/v2\/pages"}],"about":[{"href":"https:\/\/www.omnitrust.lu\/en\/wp-json\/wp\/v2\/types\/page"}],"author":[{"embeddable":true,"href":"https:\/\/www.omnitrust.lu\/en\/wp-json\/wp\/v2\/users\/3"}],"replies":[{"embeddable":true,"href":"https:\/\/www.omnitrust.lu\/en\/wp-json\/wp\/v2\/comments?post=2870"}],"version-history":[{"count":28,"href":"https:\/\/www.omnitrust.lu\/en\/wp-json\/wp\/v2\/pages\/2870\/revisions"}],"predecessor-version":[{"id":2939,"href":"https:\/\/www.omnitrust.lu\/en\/wp-json\/wp\/v2\/pages\/2870\/revisions\/2939"}],"up":[{"embeddable":true,"href":"https:\/\/www.omnitrust.lu\/en\/wp-json\/wp\/v2\/pages\/2541"}],"wp:attachment":[{"href":"https:\/\/www.omnitrust.lu\/en\/wp-json\/wp\/v2\/media?parent=2870"}],"curies":[{"name":"wp","href":"https:\/\/api.w.org\/{rel}","templated":true}]}}